{"id":14,"date":"2020-05-30T23:34:02","date_gmt":"2020-05-30T23:34:02","guid":{"rendered":"https:\/\/www.sushi-ternat.be\/?page_id=14"},"modified":"2026-03-06T17:34:11","modified_gmt":"2026-03-06T17:34:11","slug":"contact","status":"publish","type":"page","link":"https:\/\/sushi-ternat.be\/fr\/contact\/","title":{"rendered":"Contact"},"content":{"rendered":"<div class=\"wpb-content-wrapper\"><p>[vc_row equal_height=\u00a0\u00bbyes\u00a0\u00bb content_placement=\u00a0\u00bbmiddle\u00a0\u00bb css=\u00a0\u00bb.vc_custom_1623325101987{padding-top: 60px !important;padding-bottom: 97px !important;}\u00a0\u00bb][vc_column width=\u00a0\u00bb1\/2&Prime; css=\u00a0\u00bb.vc_custom_1591370195165{padding-bottom: 60% !important;background-image: url(https:\/\/www.sushi-ternat.be\/wp-content\/uploads\/2020\/06\/conatact-image.jpg?id=881) !important;background-position: center !important;background-repeat: no-repeat !important;background-size: cover !important;}\u00a0\u00bb][\/vc_column][vc_column width=\u00a0\u00bb1\/2&Prime; css=\u00a0\u00bb.vc_custom_1591297146964{padding-right: 5% !important;padding-bottom: 5% !important;padding-left: 5% !important;background-color: #0a0a0a !important;}\u00a0\u00bb el_class=\u00a0\u00bbdark\u00a0\u00bb][vc_column_text]<\/p>\n<h2 style=\"text-align: left; color: #c4992b;\">Contactez-nous<\/h2>\n<p>[\/vc_column_text][vc_column_text]Afin de mieux vous servir, de vous faire gagner du temps et d&rsquo;\u00e9viter un temps d&rsquo;attente sur place; nous vous invitons de pr\u00e9f\u00e9rence \u00e0 passer vos commandes en ligne via le lien suivant : <a href=\"https:\/\/sushi-ternat-order.be\">https:\/\/sushi-ternat-order.be<\/a><\/p>\n<p>Nous restons cependant \u00e0 votre disposition si vous avez des questions relatives \u00e0 nos produits et services.[\/vc_column_text][vc_btn title=\u00a0\u00bbBOOK YOUR TABLE\u00a0\u00bb style=\u00a0\u00bboutline-custom\u00a0\u00bb outline_custom_color=\u00a0\u00bb#c4992b\u00a0\u00bb outline_custom_hover_background=\u00a0\u00bb#c4992b\u00a0\u00bb outline_custom_hover_text=\u00a0\u00bb#0a0a0a\u00a0\u00bb shape=\u00a0\u00bbround\u00a0\u00bb css=\u00a0\u00bb.vc_custom_1623325121100{padding-left: 5% !important;}\u00a0\u00bb link=\u00a0\u00bburl:https%3A%2F%2Fsushi-ternat.be%2Ffr%2Fbook-your-table%2F\u00a0\u00bb][\/vc_column][\/vc_row][vc_row css=\u00a0\u00bb.vc_custom_1577782427951{margin-top: -35px !important;}\u00a0\u00bb][vc_column][vc_row_inner content_placement=\u00a0\u00bbmiddle\u00a0\u00bb disable_element=\u00a0\u00bbyes\u00a0\u00bb][vc_column_inner width=\u00a0\u00bb1\/3&Prime; css=\u00a0\u00bb.vc_custom_1595861812438{border-top-width: 2px !important;border-right-width: 2px !important;border-bottom-width: 2px !important;border-left-width: 2px !important;padding-top: 30px !important;padding-right: 0px !important;padding-bottom: 15px !important;padding-left: 0px !important;border-left-color: #c8d1da !important;border-left-style: dashed !important;border-right-color: #c8d1da !important;border-right-style: dashed !important;border-top-color: #c8d1da !important;border-top-style: dashed !important;border-bottom-color: #c8d1da !important;border-bottom-style: dashed !important;}\u00a0\u00bb][vc_single_image image=\u00a0\u00bb875&Prime; img_size=\u00a0\u00bbfull\u00a0\u00bb alignment=\u00a0\u00bbcenter\u00a0\u00bb css=\u00a0\u00bb.vc_custom_1591369504806{margin-bottom: -35px !important;}\u00a0\u00bb][vc_column_text css=\u00a0\u00bb.vc_custom_1592997799686{margin-bottom: 0px !important;padding-top: 50px !important;padding-bottom: 30px !important;}\u00a0\u00bb]<\/p>\n<h2 style=\"text-align: center; font-size: 26px; line-height: 38px;\"><strong>Horaires d&rsquo;ouverture<\/strong><\/h2>\n<p>[\/vc_column_text][vc_column_text css=\u00a0\u00bb\u00a0\u00bb]<\/p>\n<table class=\"mytable\">\n<tbody>\n<tr>\n<td>Lundi<\/td>\n<td>Midi: 12h-13h30<br \/>\nSoir : 17h00 \u2013 21h00<\/td>\n<\/tr>\n<tr>\n<td>Mardi<\/td>\n<td>Ferm\u00e9<\/td>\n<\/tr>\n<tr>\n<td>Mercredi<\/td>\n<td>Midi : 12h00 \u2013 13h30<br \/>\nSoir : 17h00 \u2013 21h00<\/td>\n<\/tr>\n<tr>\n<td>Jeudi<\/td>\n<td>Midi : 12h00 \u2013 13h30<br \/>\nSoir : 17h00 \u2013 21h00<\/td>\n<\/tr>\n<tr>\n<td>Vendredi<\/td>\n<td>Midi : 12h00 \u2013 13h30<br \/>\nSoir : 17h00 \u2013 21h30<\/td>\n<\/tr>\n<tr>\n<td>Samedi<\/td>\n<td>Soir : 17h00 \u2013 21h30<\/td>\n<\/tr>\n<tr>\n<td>Dimanche<\/td>\n<td>Soir : 17h00 \u2013 21h00<\/td>\n<\/tr>\n<\/tbody>\n<\/table>\n<p>[\/vc_column_text][\/vc_column_inner][vc_column_inner width=\u00a0\u00bb2\/3&Prime;]\n<div class=\"wpcf7 no-js\" id=\"wpcf7-f6-o1\" lang=\"fr-FR\" dir=\"ltr\" data-wpcf7-id=\"6\">\n<div class=\"screen-reader-response\"><p role=\"status\" aria-live=\"polite\" aria-atomic=\"true\"><\/p> <ul><\/ul><\/div>\n<form action=\"\/fr\/wp-json\/wp\/v2\/pages\/14#wpcf7-f6-o1\" method=\"post\" class=\"wpcf7-form init\" aria-label=\"Formulaire de contact\" novalidate=\"novalidate\" data-status=\"init\">\n<fieldset class=\"hidden-fields-container\"><input type=\"hidden\" name=\"_wpcf7\" value=\"6\" \/><input type=\"hidden\" name=\"_wpcf7_version\" value=\"6.1.5\" \/><input type=\"hidden\" name=\"_wpcf7_locale\" value=\"fr_FR\" \/><input type=\"hidden\" name=\"_wpcf7_unit_tag\" value=\"wpcf7-f6-o1\" \/><input type=\"hidden\" name=\"_wpcf7_container_post\" value=\"0\" \/><input type=\"hidden\" name=\"_wpcf7_posted_data_hash\" value=\"\" \/><input type=\"hidden\" name=\"_wpcf7_recaptcha_response\" value=\"\" \/>\n<\/fieldset>\n<div class=\"column one-second\">\n\t<p><span class=\"wpcf7-form-control-wrap\" data-name=\"your-name\"><input size=\"40\" maxlength=\"400\" class=\"wpcf7-form-control wpcf7-text wpcf7-validates-as-required\" aria-required=\"true\" aria-invalid=\"false\" placeholder=\"Nom *\" value=\"\" type=\"text\" name=\"your-name\" \/><\/span>\n\t<\/p>\n<\/div>\n<div class=\"column one-second\">\n\t<p><span class=\"wpcf7-form-control-wrap\" data-name=\"your-email\"><input size=\"40\" maxlength=\"400\" class=\"wpcf7-form-control wpcf7-email wpcf7-validates-as-required wpcf7-text wpcf7-validates-as-email\" aria-required=\"true\" aria-invalid=\"false\" placeholder=\"E-mail *\" value=\"\" type=\"email\" name=\"your-email\" \/><\/span>\n\t<\/p>\n<\/div>\n<div class=\"column one-second\">\n\t<p><span class=\"wpcf7-form-control-wrap\" data-name=\"your-tel\"><input size=\"40\" maxlength=\"400\" class=\"wpcf7-form-control wpcf7-tel wpcf7-validates-as-required wpcf7-text wpcf7-validates-as-tel\" aria-required=\"true\" aria-invalid=\"false\" placeholder=\"T\u00e9l\u00e9phone *\" value=\"\" type=\"tel\" name=\"your-tel\" \/><\/span>\n\t<\/p>\n<\/div>\n<div class=\"column one\">\n\t<p><span class=\"wpcf7-form-control-wrap\" data-name=\"your-subject\"><input size=\"40\" maxlength=\"400\" class=\"wpcf7-form-control wpcf7-text\" aria-invalid=\"false\" placeholder=\"Sujet\" value=\"\" type=\"text\" name=\"your-subject\" \/><\/span>\n\t<\/p>\n<\/div>\n<div class=\"column one\">\n\t<p><span class=\"wpcf7-form-control-wrap\" data-name=\"your-message\"><textarea cols=\"40\" rows=\"3\" maxlength=\"2000\" class=\"wpcf7-form-control wpcf7-textarea\" aria-invalid=\"false\" placeholder=\"Message\" name=\"your-message\"><\/textarea><\/span>\n\t<\/p>\n<\/div>\n<p><span class=\"wpcf7-form-control-wrap\" data-name=\"text\"><span class=\"wpcf7-form-control wpcf7-checkbox wpcf7-validates-as-required\"><span class=\"wpcf7-list-item first last\"><input type=\"checkbox\" name=\"text[]\" value=\"Oui, j&#039;accepte que les donn\u00e9es personnelles collect\u00e9es soient conserv\u00e9es pendant 2 ans dans le cadre de la mise en relation avec l&#039;entreprise pour acc\u00e9der aux prestations qu&#039;elle fournit\" \/><span class=\"wpcf7-list-item-label\">Oui, j&#039;accepte que les donn\u00e9es personnelles collect\u00e9es soient conserv\u00e9es pendant 2 ans dans le cadre de la mise en relation avec l&#039;entreprise pour acc\u00e9der aux prestations qu&#039;elle fournit<\/span><\/span><\/span><\/span>\n<\/p>\n<div class=\"column one aligncenter\">\n\t<p><input class=\"wpcf7-form-control wpcf7-submit has-spinner\" type=\"submit\" value=\"Envoyer\" \/>\n\t<\/p>\n<\/div><input type='hidden' class='wpcf7-pum' value='{\"closepopup\":false,\"closedelay\":0,\"openpopup\":false,\"openpopup_id\":0}' \/><div class=\"wpcf7-response-output\" aria-hidden=\"true\"><\/div>\n<\/form>\n<\/div>\n[\/vc_column_inner][\/vc_row_inner][\/vc_column][\/vc_row][vc_row disable_element=\u00a0\u00bbyes\u00a0\u00bb][vc_column][vc_column_text]<\/p>\n<p style=\"text-align: center;\"><span style=\"display: inline-block;\">Du lundi au vendredi<\/span>\u00a0:<br \/>\n<span style=\"color: #ac845d;\">De 11h45 \u00e0 14h15 et de<br \/>\n17h45 \u00e0 21h30<\/span><\/p>\n<p style=\"text-align: center;\"><span style=\"display: inline-block;\">Le week-end<br \/>\n<\/span>:<br \/>\n<span style=\"color: #ac845d;\">De 17h45 \u00e0 21h30<\/span><\/p>\n<p style=\"text-align: center;\"><span style=\"display: inline-block;\">Ferm\u00e9 le mardi<\/span><\/p>\n<p>[\/vc_column_text][\/vc_column][\/vc_row][vc_row full_width=\u00a0\u00bbstretch_row_content_no_spaces\u00a0\u00bb css=\u00a0\u00bb.vc_custom_1591201336781{margin-top: 35px !important;margin-bottom: -50px !important;}\u00a0\u00bb][vc_column][vc_raw_html css=\u00a0\u00bb.vc_custom_1606217377779{margin-bottom: -35px !important;}\u00a0\u00bb]JTNDaWZyYW1lJTIwc3R5bGUlM0QlMjJib3JkZXIlM0ElMjAwJTNCJTIyJTIwdGFiaW5kZXglM0QlMjIwJTIyJTIwc3JjJTNEJTIyaHR0cHMlM0ElMkYlMkZ3d3cuZ29vZ2xlLmNvbSUyRm1hcHMlMkZlbWJlZCUzRnBiJTNEJTIxMW0xOCUyMTFtMTIlMjExbTMlMjExZDI1MTcuNjg0MTI3NDkyMDg2JTIxMmQ0LjE2NDU3ODExNTI4MjQxMzUlMjEzZDUwLjg3NDA0NzI2NDYzMzM5JTIxMm0zJTIxMWYwJTIxMmYwJTIxM2YwJTIxM20yJTIxMWkxMDI0JTIxMmk3NjglMjE0ZjEzLjElMjEzbTMlMjExbTIlMjExczB4NDdjM2JmMjFiOWI5ZmQ3NSUyNTNBMHgyOWE2YWNlZDJkOGFiNmRlJTIxMnNTdGF0aWVzdHJhYXQlMjUyMDE3MCUyNTJDJTI1MjAxNzQwJTI1MjBUZXJuYXQlMjUyQyUyNTIwQmVsZ2lxdWUlMjE1ZTAlMjEzbTIlMjExc2ZyJTIxMnNtYSUyMTR2MTU5MTI2MzA3MDA5MSUyMTVtMiUyMTFzZnIlMjEyc21hJTIyJTIwd2lkdGglM0QlMjIxMDAlMjUlMjIlMjBoZWlnaHQlM0QlMjIzNTAlMjIlMjBmcmFtZWJvcmRlciUzRCUyMjAlMjIlMjBhbGxvd2Z1bGxzY3JlZW4lM0QlMjJhbGxvd2Z1bGxzY3JlZW4lMjIlMjBhcmlhLWhpZGRlbiUzRCUyMmZhbHNlJTIyJTNFJTNDJTJGaWZyYW1lJTNF[\/vc_raw_html][\/vc_column][\/vc_row]<\/p>\n<\/div>","protected":false},"excerpt":{"rendered":"<p>[vc_row equal_height=\u00a0\u00bbyes\u00a0\u00bb content_placement=\u00a0\u00bbmiddle\u00a0\u00bb css=\u00a0\u00bb.vc_custom_1623325101987{padding-top: 60px !important;padding-bottom: 97px !important;}\u00a0\u00bb][vc_column width=\u00a0\u00bb1\/2&Prime; css=\u00a0\u00bb.vc_custom_1591370195165{padding-bottom: 60% !important;background-image: url(https:\/\/www.sushi-ternat.be\/wp-content\/uploads\/2020\/06\/conatact-image.jpg?id=881) !important;background-position: center !important;background-repeat: no-repeat !important;background-size: cover !important;}\u00a0\u00bb][\/vc_column][vc_column width=\u00a0\u00bb1\/2&Prime; css=\u00a0\u00bb.vc_custom_1591297146964{padding-right: 5% !important;padding-bottom: 5% !important;padding-left: 5% !important;background-color: #0a0a0a !important;}\u00a0\u00bb el_class=\u00a0\u00bbdark\u00a0\u00bb][vc_column_text] Contactez-nous [\/vc_column_text][vc_column_text]Afin de mieux vous servir, de vous faire gagner du temps et d&rsquo;\u00e9viter un temps d&rsquo;attente sur place; nous vous invitons de pr\u00e9f\u00e9rence [&hellip;]<\/p>\n","protected":false},"author":4,"featured_media":658,"parent":0,"menu_order":0,"comment_status":"closed","ping_status":"closed","template":"","meta":{"footnotes":""},"class_list":["post-14","page","type-page","status-publish","has-post-thumbnail","hentry"],"yoast_head":"<!-- This site is optimized with the Yoast SEO plugin v27.5 - https:\/\/yoast.com\/product\/yoast-seo-wordpress\/ -->\n<title>So Sushi Ternat | Contactez Nous | Restaurant japonais \u00e0 Ternat<\/title>\n<meta name=\"description\" content=\"Contactez votre restaurant de sushi \u00e0 Ternat. Nous restons \u00e0 votre disposition si vous avez des questions relatives \u00e0 nos produits et services.\" \/>\n<meta name=\"robots\" content=\"index, follow, max-snippet:-1, max-image-preview:large, max-video-preview:-1\" \/>\n<link rel=\"canonical\" href=\"https:\/\/sushi-ternat.be\/fr\/contact\/\" \/>\n<meta property=\"og:locale\" content=\"fr_FR\" \/>\n<meta property=\"og:type\" content=\"article\" \/>\n<meta property=\"og:title\" content=\"So Sushi Ternat | Contactez Nous | Restaurant japonais \u00e0 Ternat\" \/>\n<meta property=\"og:description\" content=\"Contactez votre restaurant de sushi \u00e0 Ternat. Nous restons \u00e0 votre disposition si vous avez des questions relatives \u00e0 nos produits et services.\" \/>\n<meta property=\"og:url\" content=\"https:\/\/sushi-ternat.be\/fr\/contact\/\" \/>\n<meta property=\"og:site_name\" content=\"So sushi Ternat\" \/>\n<meta property=\"article:modified_time\" content=\"2026-03-06T17:34:11+00:00\" \/>\n<meta property=\"og:image\" content=\"https:\/\/sushi-ternat.be\/wp-content\/uploads\/2020\/06\/header-ternat.jpg\" \/>\n\t<meta property=\"og:image:width\" content=\"1920\" \/>\n\t<meta property=\"og:image:height\" content=\"450\" \/>\n\t<meta property=\"og:image:type\" content=\"image\/jpeg\" \/>\n<meta name=\"twitter:card\" content=\"summary_large_image\" \/>\n<meta name=\"twitter:label1\" content=\"Dur\u00e9e de lecture estim\u00e9e\" \/>\n\t<meta name=\"twitter:data1\" content=\"2 minutes\" \/>\n<script type=\"application\/ld+json\" class=\"yoast-schema-graph\">{\"@context\":\"https:\\\/\\\/schema.org\",\"@graph\":[{\"@type\":\"WebPage\",\"@id\":\"https:\\\/\\\/sushi-ternat.be\\\/fr\\\/contact\\\/\",\"url\":\"https:\\\/\\\/sushi-ternat.be\\\/fr\\\/contact\\\/\",\"name\":\"So Sushi Ternat | Contactez Nous | Restaurant japonais \u00e0 Ternat\",\"isPartOf\":{\"@id\":\"https:\\\/\\\/sushi-ternat.be\\\/fr\\\/#website\"},\"primaryImageOfPage\":{\"@id\":\"https:\\\/\\\/sushi-ternat.be\\\/fr\\\/contact\\\/#primaryimage\"},\"image\":{\"@id\":\"https:\\\/\\\/sushi-ternat.be\\\/fr\\\/contact\\\/#primaryimage\"},\"thumbnailUrl\":\"https:\\\/\\\/sushi-ternat.be\\\/wp-content\\\/uploads\\\/2020\\\/06\\\/header-ternat.jpg\",\"datePublished\":\"2020-05-30T23:34:02+00:00\",\"dateModified\":\"2026-03-06T17:34:11+00:00\",\"description\":\"Contactez votre restaurant de sushi \u00e0 Ternat. Nous restons \u00e0 votre disposition si vous avez des questions relatives \u00e0 nos produits et services.\",\"breadcrumb\":{\"@id\":\"https:\\\/\\\/sushi-ternat.be\\\/fr\\\/contact\\\/#breadcrumb\"},\"inLanguage\":\"fr-FR\",\"potentialAction\":[{\"@type\":\"ReadAction\",\"target\":[\"https:\\\/\\\/sushi-ternat.be\\\/fr\\\/contact\\\/\"]}]},{\"@type\":\"ImageObject\",\"inLanguage\":\"fr-FR\",\"@id\":\"https:\\\/\\\/sushi-ternat.be\\\/fr\\\/contact\\\/#primaryimage\",\"url\":\"https:\\\/\\\/sushi-ternat.be\\\/wp-content\\\/uploads\\\/2020\\\/06\\\/header-ternat.jpg\",\"contentUrl\":\"https:\\\/\\\/sushi-ternat.be\\\/wp-content\\\/uploads\\\/2020\\\/06\\\/header-ternat.jpg\",\"width\":1920,\"height\":450},{\"@type\":\"BreadcrumbList\",\"@id\":\"https:\\\/\\\/sushi-ternat.be\\\/fr\\\/contact\\\/#breadcrumb\",\"itemListElement\":[{\"@type\":\"ListItem\",\"position\":1,\"name\":\"Home\",\"item\":\"https:\\\/\\\/sushi-ternat.be\\\/fr\\\/\"},{\"@type\":\"ListItem\",\"position\":2,\"name\":\"Contact\"}]},{\"@type\":\"WebSite\",\"@id\":\"https:\\\/\\\/sushi-ternat.be\\\/fr\\\/#website\",\"url\":\"https:\\\/\\\/sushi-ternat.be\\\/fr\\\/\",\"name\":\"So sushi Ternat\",\"description\":\"So Healthy, So Sushi\",\"potentialAction\":[{\"@type\":\"SearchAction\",\"target\":{\"@type\":\"EntryPoint\",\"urlTemplate\":\"https:\\\/\\\/sushi-ternat.be\\\/fr\\\/?s={search_term_string}\"},\"query-input\":{\"@type\":\"PropertyValueSpecification\",\"valueRequired\":true,\"valueName\":\"search_term_string\"}}],\"inLanguage\":\"fr-FR\"}]}<\/script>\n<!-- \/ Yoast SEO plugin. -->","yoast_head_json":{"title":"So Sushi Ternat | Contactez Nous | Restaurant japonais \u00e0 Ternat","description":"Contactez votre restaurant de sushi \u00e0 Ternat. Nous restons \u00e0 votre disposition si vous avez des questions relatives \u00e0 nos produits et services.","robots":{"index":"index","follow":"follow","max-snippet":"max-snippet:-1","max-image-preview":"max-image-preview:large","max-video-preview":"max-video-preview:-1"},"canonical":"https:\/\/sushi-ternat.be\/fr\/contact\/","og_locale":"fr_FR","og_type":"article","og_title":"So Sushi Ternat | Contactez Nous | Restaurant japonais \u00e0 Ternat","og_description":"Contactez votre restaurant de sushi \u00e0 Ternat. Nous restons \u00e0 votre disposition si vous avez des questions relatives \u00e0 nos produits et services.","og_url":"https:\/\/sushi-ternat.be\/fr\/contact\/","og_site_name":"So sushi Ternat","article_modified_time":"2026-03-06T17:34:11+00:00","og_image":[{"width":1920,"height":450,"url":"https:\/\/sushi-ternat.be\/wp-content\/uploads\/2020\/06\/header-ternat.jpg","type":"image\/jpeg"}],"twitter_card":"summary_large_image","twitter_misc":{"Dur\u00e9e de lecture estim\u00e9e":"2 minutes"},"schema":{"@context":"https:\/\/schema.org","@graph":[{"@type":"WebPage","@id":"https:\/\/sushi-ternat.be\/fr\/contact\/","url":"https:\/\/sushi-ternat.be\/fr\/contact\/","name":"So Sushi Ternat | Contactez Nous | Restaurant japonais \u00e0 Ternat","isPartOf":{"@id":"https:\/\/sushi-ternat.be\/fr\/#website"},"primaryImageOfPage":{"@id":"https:\/\/sushi-ternat.be\/fr\/contact\/#primaryimage"},"image":{"@id":"https:\/\/sushi-ternat.be\/fr\/contact\/#primaryimage"},"thumbnailUrl":"https:\/\/sushi-ternat.be\/wp-content\/uploads\/2020\/06\/header-ternat.jpg","datePublished":"2020-05-30T23:34:02+00:00","dateModified":"2026-03-06T17:34:11+00:00","description":"Contactez votre restaurant de sushi \u00e0 Ternat. Nous restons \u00e0 votre disposition si vous avez des questions relatives \u00e0 nos produits et services.","breadcrumb":{"@id":"https:\/\/sushi-ternat.be\/fr\/contact\/#breadcrumb"},"inLanguage":"fr-FR","potentialAction":[{"@type":"ReadAction","target":["https:\/\/sushi-ternat.be\/fr\/contact\/"]}]},{"@type":"ImageObject","inLanguage":"fr-FR","@id":"https:\/\/sushi-ternat.be\/fr\/contact\/#primaryimage","url":"https:\/\/sushi-ternat.be\/wp-content\/uploads\/2020\/06\/header-ternat.jpg","contentUrl":"https:\/\/sushi-ternat.be\/wp-content\/uploads\/2020\/06\/header-ternat.jpg","width":1920,"height":450},{"@type":"BreadcrumbList","@id":"https:\/\/sushi-ternat.be\/fr\/contact\/#breadcrumb","itemListElement":[{"@type":"ListItem","position":1,"name":"Home","item":"https:\/\/sushi-ternat.be\/fr\/"},{"@type":"ListItem","position":2,"name":"Contact"}]},{"@type":"WebSite","@id":"https:\/\/sushi-ternat.be\/fr\/#website","url":"https:\/\/sushi-ternat.be\/fr\/","name":"So sushi Ternat","description":"So Healthy, So Sushi","potentialAction":[{"@type":"SearchAction","target":{"@type":"EntryPoint","urlTemplate":"https:\/\/sushi-ternat.be\/fr\/?s={search_term_string}"},"query-input":{"@type":"PropertyValueSpecification","valueRequired":true,"valueName":"search_term_string"}}],"inLanguage":"fr-FR"}]}},"_links":{"self":[{"href":"https:\/\/sushi-ternat.be\/fr\/wp-json\/wp\/v2\/pages\/14","targetHints":{"allow":["GET"]}}],"collection":[{"href":"https:\/\/sushi-ternat.be\/fr\/wp-json\/wp\/v2\/pages"}],"about":[{"href":"https:\/\/sushi-ternat.be\/fr\/wp-json\/wp\/v2\/types\/page"}],"author":[{"embeddable":true,"href":"https:\/\/sushi-ternat.be\/fr\/wp-json\/wp\/v2\/users\/4"}],"replies":[{"embeddable":true,"href":"https:\/\/sushi-ternat.be\/fr\/wp-json\/wp\/v2\/comments?post=14"}],"version-history":[{"count":52,"href":"https:\/\/sushi-ternat.be\/fr\/wp-json\/wp\/v2\/pages\/14\/revisions"}],"predecessor-version":[{"id":2043,"href":"https:\/\/sushi-ternat.be\/fr\/wp-json\/wp\/v2\/pages\/14\/revisions\/2043"}],"wp:featuredmedia":[{"embeddable":true,"href":"https:\/\/sushi-ternat.be\/fr\/wp-json\/wp\/v2\/media\/658"}],"wp:attachment":[{"href":"https:\/\/sushi-ternat.be\/fr\/wp-json\/wp\/v2\/media?parent=14"}],"curies":[{"name":"wp","href":"https:\/\/api.w.org\/{rel}","templated":true}]}}