{"id":137,"date":"2020-06-03T08:58:18","date_gmt":"2020-06-03T08:58:18","guid":{"rendered":"https:\/\/www.sushi-ternat.be\/?page_id=137"},"modified":"2022-06-02T08:19:41","modified_gmt":"2022-06-02T08:19:41","slug":"a-propos","status":"publish","type":"page","link":"https:\/\/sushi-ternat.be\/fr\/a-propos\/","title":{"rendered":"A Propos"},"content":{"rendered":"<div class=\"wpb-content-wrapper\"><p>[vc_row][vc_column][vc_empty_space][vc_column_text el_class=\u00a0\u00bbtitre\u00a0\u00bb]<\/p>\n<h2>NOUVEAU A TERNAT<\/h2>\n<p>[\/vc_column_text][vc_empty_space][vc_column_text]<\/p>\n<p style=\"text-align: center;\">So Sushi, restaurant de sushi \u00e0 Ternat vous propose un voyage culinaire directement venu du Japon. Gr\u00e2ce au savoir-faire de nos chefs et \u00e0 la qualit\u00e9 de nos mati\u00e8res premi\u00e8res, vous retrouverez des saveurs authentiques et vari\u00e9es. Nous vous invitons \u00e0 consulter notre menu et \u00e0 passer vos commandes en ligne. Notre syst\u00e8me vous permettra d&rsquo;\u00e9viter les files, de payer en ligne tout en respectant les recommandations du gouvernement.<\/p>\n<p>[\/vc_column_text][\/vc_column][\/vc_row][vc_row][vc_column width=\u00a0\u00bb1\/6&Prime;][\/vc_column][vc_column width=\u00a0\u00bb2\/3&Prime;][rev_slider_vc alias=\u00a0\u00bbslider1&Prime;][\/vc_column][vc_column width=\u00a0\u00bb1\/6&Prime;][\/vc_column][\/vc_row]<\/p>\n<\/div>","protected":false},"excerpt":{"rendered":"<p>[vc_row][vc_column][vc_empty_space][vc_column_text el_class=\u00a0\u00bbtitre\u00a0\u00bb] NOUVEAU A TERNAT [\/vc_column_text][vc_empty_space][vc_column_text] So Sushi, restaurant de sushi \u00e0 Ternat vous propose un voyage culinaire directement venu du Japon. Gr\u00e2ce au savoir-faire de nos chefs et \u00e0 la qualit\u00e9 de nos mati\u00e8res premi\u00e8res, vous retrouverez des saveurs authentiques et vari\u00e9es. Nous vous invitons \u00e0 consulter notre menu et \u00e0 passer vos commandes [&hellip;]<\/p>\n","protected":false},"author":4,"featured_media":658,"parent":0,"menu_order":0,"comment_status":"closed","ping_status":"closed","template":"","meta":{"footnotes":""},"class_list":["post-137","page","type-page","status-publish","has-post-thumbnail","hentry"],"yoast_head":"<!-- This site is optimized with the Yoast SEO plugin v27.5 - https:\/\/yoast.com\/product\/yoast-seo-wordpress\/ -->\n<title>So Sushi Ternat | En savoir plus sur notre restaurant de sushi \u00e0 Ternat<\/title>\n<meta name=\"description\" content=\"So Sushi, restaurant de sushi \u00e0 Ternat, vous propose un voyage culinaire en provenance directe du Japon. En savoir plus sur notre restaurant.\" \/>\n<meta name=\"robots\" content=\"index, follow, max-snippet:-1, max-image-preview:large, max-video-preview:-1\" \/>\n<link rel=\"canonical\" href=\"https:\/\/sushi-ternat.be\/fr\/a-propos\/\" \/>\n<meta property=\"og:locale\" content=\"fr_FR\" \/>\n<meta property=\"og:type\" content=\"article\" \/>\n<meta property=\"og:title\" content=\"So Sushi Ternat | En savoir plus sur notre restaurant de sushi \u00e0 Ternat\" \/>\n<meta property=\"og:description\" content=\"So Sushi, restaurant de sushi \u00e0 Ternat, vous propose un voyage culinaire en provenance directe du Japon. En savoir plus sur notre restaurant.\" \/>\n<meta property=\"og:url\" content=\"https:\/\/sushi-ternat.be\/fr\/a-propos\/\" \/>\n<meta property=\"og:site_name\" content=\"So sushi Ternat\" \/>\n<meta property=\"article:modified_time\" content=\"2022-06-02T08:19:41+00:00\" \/>\n<meta property=\"og:image\" content=\"https:\/\/sushi-ternat.be\/wp-content\/uploads\/2020\/06\/header-ternat.jpg\" \/>\n\t<meta property=\"og:image:width\" content=\"1920\" \/>\n\t<meta property=\"og:image:height\" content=\"450\" \/>\n\t<meta property=\"og:image:type\" content=\"image\/jpeg\" \/>\n<meta name=\"twitter:card\" content=\"summary_large_image\" \/>\n<meta name=\"twitter:label1\" content=\"Dur\u00e9e de lecture estim\u00e9e\" \/>\n\t<meta name=\"twitter:data1\" content=\"1 minute\" \/>\n<script type=\"application\/ld+json\" class=\"yoast-schema-graph\">{\"@context\":\"https:\\\/\\\/schema.org\",\"@graph\":[{\"@type\":\"WebPage\",\"@id\":\"https:\\\/\\\/sushi-ternat.be\\\/fr\\\/a-propos\\\/\",\"url\":\"https:\\\/\\\/sushi-ternat.be\\\/fr\\\/a-propos\\\/\",\"name\":\"So Sushi Ternat | En savoir plus sur notre restaurant de sushi \u00e0 Ternat\",\"isPartOf\":{\"@id\":\"https:\\\/\\\/sushi-ternat.be\\\/fr\\\/#website\"},\"primaryImageOfPage\":{\"@id\":\"https:\\\/\\\/sushi-ternat.be\\\/fr\\\/a-propos\\\/#primaryimage\"},\"image\":{\"@id\":\"https:\\\/\\\/sushi-ternat.be\\\/fr\\\/a-propos\\\/#primaryimage\"},\"thumbnailUrl\":\"https:\\\/\\\/sushi-ternat.be\\\/wp-content\\\/uploads\\\/2020\\\/06\\\/header-ternat.jpg\",\"datePublished\":\"2020-06-03T08:58:18+00:00\",\"dateModified\":\"2022-06-02T08:19:41+00:00\",\"description\":\"So Sushi, restaurant de sushi \u00e0 Ternat, vous propose un voyage culinaire en provenance directe du Japon. En savoir plus sur notre restaurant.\",\"breadcrumb\":{\"@id\":\"https:\\\/\\\/sushi-ternat.be\\\/fr\\\/a-propos\\\/#breadcrumb\"},\"inLanguage\":\"fr-FR\",\"potentialAction\":[{\"@type\":\"ReadAction\",\"target\":[\"https:\\\/\\\/sushi-ternat.be\\\/fr\\\/a-propos\\\/\"]}]},{\"@type\":\"ImageObject\",\"inLanguage\":\"fr-FR\",\"@id\":\"https:\\\/\\\/sushi-ternat.be\\\/fr\\\/a-propos\\\/#primaryimage\",\"url\":\"https:\\\/\\\/sushi-ternat.be\\\/wp-content\\\/uploads\\\/2020\\\/06\\\/header-ternat.jpg\",\"contentUrl\":\"https:\\\/\\\/sushi-ternat.be\\\/wp-content\\\/uploads\\\/2020\\\/06\\\/header-ternat.jpg\",\"width\":1920,\"height\":450},{\"@type\":\"BreadcrumbList\",\"@id\":\"https:\\\/\\\/sushi-ternat.be\\\/fr\\\/a-propos\\\/#breadcrumb\",\"itemListElement\":[{\"@type\":\"ListItem\",\"position\":1,\"name\":\"Home\",\"item\":\"https:\\\/\\\/sushi-ternat.be\\\/fr\\\/\"},{\"@type\":\"ListItem\",\"position\":2,\"name\":\"A Propos\"}]},{\"@type\":\"WebSite\",\"@id\":\"https:\\\/\\\/sushi-ternat.be\\\/fr\\\/#website\",\"url\":\"https:\\\/\\\/sushi-ternat.be\\\/fr\\\/\",\"name\":\"So sushi Ternat\",\"description\":\"So Healthy, So Sushi\",\"potentialAction\":[{\"@type\":\"SearchAction\",\"target\":{\"@type\":\"EntryPoint\",\"urlTemplate\":\"https:\\\/\\\/sushi-ternat.be\\\/fr\\\/?s={search_term_string}\"},\"query-input\":{\"@type\":\"PropertyValueSpecification\",\"valueRequired\":true,\"valueName\":\"search_term_string\"}}],\"inLanguage\":\"fr-FR\"}]}<\/script>\n<!-- \/ Yoast SEO plugin. -->","yoast_head_json":{"title":"So Sushi Ternat | En savoir plus sur notre restaurant de sushi \u00e0 Ternat","description":"So Sushi, restaurant de sushi \u00e0 Ternat, vous propose un voyage culinaire en provenance directe du Japon. En savoir plus sur notre restaurant.","robots":{"index":"index","follow":"follow","max-snippet":"max-snippet:-1","max-image-preview":"max-image-preview:large","max-video-preview":"max-video-preview:-1"},"canonical":"https:\/\/sushi-ternat.be\/fr\/a-propos\/","og_locale":"fr_FR","og_type":"article","og_title":"So Sushi Ternat | En savoir plus sur notre restaurant de sushi \u00e0 Ternat","og_description":"So Sushi, restaurant de sushi \u00e0 Ternat, vous propose un voyage culinaire en provenance directe du Japon. En savoir plus sur notre restaurant.","og_url":"https:\/\/sushi-ternat.be\/fr\/a-propos\/","og_site_name":"So sushi Ternat","article_modified_time":"2022-06-02T08:19:41+00:00","og_image":[{"width":1920,"height":450,"url":"https:\/\/sushi-ternat.be\/wp-content\/uploads\/2020\/06\/header-ternat.jpg","type":"image\/jpeg"}],"twitter_card":"summary_large_image","twitter_misc":{"Dur\u00e9e de lecture estim\u00e9e":"1 minute"},"schema":{"@context":"https:\/\/schema.org","@graph":[{"@type":"WebPage","@id":"https:\/\/sushi-ternat.be\/fr\/a-propos\/","url":"https:\/\/sushi-ternat.be\/fr\/a-propos\/","name":"So Sushi Ternat | En savoir plus sur notre restaurant de sushi \u00e0 Ternat","isPartOf":{"@id":"https:\/\/sushi-ternat.be\/fr\/#website"},"primaryImageOfPage":{"@id":"https:\/\/sushi-ternat.be\/fr\/a-propos\/#primaryimage"},"image":{"@id":"https:\/\/sushi-ternat.be\/fr\/a-propos\/#primaryimage"},"thumbnailUrl":"https:\/\/sushi-ternat.be\/wp-content\/uploads\/2020\/06\/header-ternat.jpg","datePublished":"2020-06-03T08:58:18+00:00","dateModified":"2022-06-02T08:19:41+00:00","description":"So Sushi, restaurant de sushi \u00e0 Ternat, vous propose un voyage culinaire en provenance directe du Japon. En savoir plus sur notre restaurant.","breadcrumb":{"@id":"https:\/\/sushi-ternat.be\/fr\/a-propos\/#breadcrumb"},"inLanguage":"fr-FR","potentialAction":[{"@type":"ReadAction","target":["https:\/\/sushi-ternat.be\/fr\/a-propos\/"]}]},{"@type":"ImageObject","inLanguage":"fr-FR","@id":"https:\/\/sushi-ternat.be\/fr\/a-propos\/#primaryimage","url":"https:\/\/sushi-ternat.be\/wp-content\/uploads\/2020\/06\/header-ternat.jpg","contentUrl":"https:\/\/sushi-ternat.be\/wp-content\/uploads\/2020\/06\/header-ternat.jpg","width":1920,"height":450},{"@type":"BreadcrumbList","@id":"https:\/\/sushi-ternat.be\/fr\/a-propos\/#breadcrumb","itemListElement":[{"@type":"ListItem","position":1,"name":"Home","item":"https:\/\/sushi-ternat.be\/fr\/"},{"@type":"ListItem","position":2,"name":"A Propos"}]},{"@type":"WebSite","@id":"https:\/\/sushi-ternat.be\/fr\/#website","url":"https:\/\/sushi-ternat.be\/fr\/","name":"So sushi Ternat","description":"So Healthy, So Sushi","potentialAction":[{"@type":"SearchAction","target":{"@type":"EntryPoint","urlTemplate":"https:\/\/sushi-ternat.be\/fr\/?s={search_term_string}"},"query-input":{"@type":"PropertyValueSpecification","valueRequired":true,"valueName":"search_term_string"}}],"inLanguage":"fr-FR"}]}},"_links":{"self":[{"href":"https:\/\/sushi-ternat.be\/fr\/wp-json\/wp\/v2\/pages\/137","targetHints":{"allow":["GET"]}}],"collection":[{"href":"https:\/\/sushi-ternat.be\/fr\/wp-json\/wp\/v2\/pages"}],"about":[{"href":"https:\/\/sushi-ternat.be\/fr\/wp-json\/wp\/v2\/types\/page"}],"author":[{"embeddable":true,"href":"https:\/\/sushi-ternat.be\/fr\/wp-json\/wp\/v2\/users\/4"}],"replies":[{"embeddable":true,"href":"https:\/\/sushi-ternat.be\/fr\/wp-json\/wp\/v2\/comments?post=137"}],"version-history":[{"count":36,"href":"https:\/\/sushi-ternat.be\/fr\/wp-json\/wp\/v2\/pages\/137\/revisions"}],"predecessor-version":[{"id":1766,"href":"https:\/\/sushi-ternat.be\/fr\/wp-json\/wp\/v2\/pages\/137\/revisions\/1766"}],"wp:featuredmedia":[{"embeddable":true,"href":"https:\/\/sushi-ternat.be\/fr\/wp-json\/wp\/v2\/media\/658"}],"wp:attachment":[{"href":"https:\/\/sushi-ternat.be\/fr\/wp-json\/wp\/v2\/media?parent=137"}],"curies":[{"name":"wp","href":"https:\/\/api.w.org\/{rel}","templated":true}]}}